{"id":118795,"date":"2023-10-10T11:38:25","date_gmt":"2023-10-10T11:38:25","guid":{"rendered":"https:\/\/futurehouseaward.com\/?page_id=118795"},"modified":"2026-04-01T13:11:05","modified_gmt":"2026-04-01T13:11:05","slug":"future-house-awards-winners-index","status":"publish","type":"page","link":"https:\/\/futurehouseaward.com\/index.php\/future-house-awards-winners-index\/","title":{"rendered":"Future House Awards winners index"},"content":{"rendered":"<div class=\"wpb-content-wrapper\"><p>[vc_row unlock_row_content=&#8221;yes&#8221; row_height_percent=&#8221;69&#8243; override_padding=&#8221;yes&#8221; h_padding=&#8221;7&#8243; top_padding=&#8221;7&#8243; bottom_padding=&#8221;4&#8243; back_color=&#8221;color-rgdb&#8221; overlay_alpha=&#8221;50&#8243; gutter_size=&#8221;0&#8243; column_width_percent=&#8221;100&#8243; shift_y=&#8221;0&#8243; z_index=&#8221;0&#8243; top_divider=&#8221;step_1_2&#8243; uncode_shortcode_id=&#8221;780118&#8243; back_color_type=&#8221;uncode-palette&#8221; css=&#8221;.vc_custom_1697799779694{padding-top: 20px !important;}&#8221;][vc_column column_width_percent=&#8221;100&#8243; position_vertical=&#8221;middle&#8221; gutter_size=&#8221;3&#8243; overlay_alpha=&#8221;50&#8243; shift_x=&#8221;0&#8243; shift_y=&#8221;0&#8243; shift_y_down=&#8221;0&#8243; z_index=&#8221;0&#8243; medium_width=&#8221;0&#8243; mobile_width=&#8221;0&#8243; width=&#8221;1\/1&#8243;][vc_row_inner row_inner_height_percent=&#8221;0&#8243; overlay_alpha=&#8221;50&#8243; gutter_size=&#8221;4&#8243; shift_y=&#8221;0&#8243; z_index=&#8221;0&#8243; limit_content=&#8221;&#8221; uncode_shortcode_id=&#8221;662964&#8243;][vc_column_inner column_width_percent=&#8221;100&#8243; gutter_size=&#8221;0&#8243; overlay_alpha=&#8221;50&#8243; shift_x=&#8221;0&#8243; shift_y=&#8221;0&#8243; shift_y_down=&#8221;0&#8243; z_index=&#8221;0&#8243; medium_width=&#8221;0&#8243; mobile_width=&#8221;0&#8243; width=&#8221;4\/12&#8243;][vc_empty_space empty_h=&#8221;0&#8243;][vc_custom_heading text_color=&#8221;color-xsdn&#8221; text_font=&#8221;font-377884&#8243; text_size=&#8221;fontsize-155944&#8243; uncode_shortcode_id=&#8221;201698&#8243; text_color_type=&#8221;uncode-palette&#8221;]Alphabetical Directory of Future House Award Winners Architects[\/vc_custom_heading][\/vc_column_inner][vc_column_inner column_width_percent=&#8221;100&#8243; gutter_size=&#8221;3&#8243; overlay_alpha=&#8221;50&#8243; shift_x=&#8221;0&#8243; shift_y=&#8221;0&#8243; shift_y_down=&#8221;0&#8243; z_index=&#8221;0&#8243; medium_width=&#8221;0&#8243; mobile_width=&#8221;0&#8243; width=&#8221;8\/12&#8243;][vc_custom_heading text_size=&#8221;fontsize-210105&#8243; text_height=&#8221;fontheight-357766&#8243; text_space=&#8221;fontspace-781688&#8243; sub_lead=&#8221;yes&#8221; sub_reduced=&#8221;yes&#8221; text_align=&#8221;text-left&#8221; text_serif=&#8221;yes&#8221; uncode_shortcode_id=&#8221;827314&#8243;]2025 Future House Award &#8211; Index[\/vc_custom_heading][vc_column_text text_lead=&#8221;yes&#8221; text_color=&#8221;color-xsdn&#8221; uncode_shortcode_id=&#8221;169464&#8243; text_color_type=&#8221;uncode-palette&#8221;]<b>Architects\/ Architecture Offices and Firms<\/b><\/p>\n<p>actual \/ office llc. \u2022 Aidlin Darling Design \u2022 Arnold \/ Werner Architekten GmbH &amp; Co KG \u2022 Bruno Dias Arquitectura \u2022 Caballero+Col\u00f3n \u2022 Cera Stribley \u2022 Chain10 Architecture &amp; Interior Design Institute \u2022 Dubbeldam Architecture + Design \u2022 Edward M. Baum Architect LLC. \u2022 Elkus Manfredi Architects\u2022 Giancarlo Zema Design Group \u2022 G\u00f3mez Platero Architecture &amp; Urbanism\u00a0 \u2022 Henriquez Partners Architects \u2022 \u2022 IAPA Pty. Ltd. \u2022 Iosa Ghini Associati \u2022 Jayakumar &amp; Associates \u2022 K-Studio \u2022 Karawitz Architecture \u2022 Kipnis Architecture + Planning \u2022 Kubota Architect Atelier \u2022 LA DALLMAN Architects \u2022 Lechner &amp; Lechner Architects \u2022 Leckie Studio Architecture + Design Inc. \u2022 Mark English Architects \u2022 Marvel Architects, Landscape Architects, Urban Designers PLLC. \u2022 Matsuyama Architect &amp; Associates \u2022 Mauricio Ceballos x Architects \u2022 McCullough Mulvin Architects \u2022 Mental Design Works \u2022 Minimal Studio Projects, S.L. \u2022 MMA &#8211; Matteo Malatesta Architecture \u2022 MR STUDIO Co., Ltd. \u2022 Mutuo \u2022 NG architects \u2022 Pablo Slemenson \u2022 Paul Lukez Architecture \u2022 Pepe Gasc\u00f3n Arquitectura \u2022 PFS Studio \u2022 Poon Design Inc. \u2022 Rand Elliott Architects \u2022 Revery Architecture \u2022 Rhode Partners \u2022 Robert Maier Architekten \u2022 Sanjay Puri Architects Pvt. Ltd. \u2022 Sebastian Nagy Architects, s.r.o. \u2022 Sherman Architects \u2022 Shigeru Ban Architects \u2022 Standard Architecture \u2022 Studio YAY! \u2022 Studio X+ \u2022 Swatt + Partners \u2022 University of Arkansas Community Design Center \u2022 Vivien Gimenez Architecture \u2022 William Kaven Architecture \u2022 XTEN Architecture[\/vc_column_text][vc_custom_heading text_size=&#8221;fontsize-210105&#8243; text_height=&#8221;fontheight-357766&#8243; text_space=&#8221;fontspace-781688&#8243; sub_lead=&#8221;yes&#8221; sub_reduced=&#8221;yes&#8221; text_align=&#8221;text-left&#8221; text_serif=&#8221;yes&#8221; uncode_shortcode_id=&#8221;120866&#8243;]2024 Future House Award &#8211; Index[\/vc_custom_heading][vc_column_text text_lead=&#8221;yes&#8221; text_color=&#8221;color-xsdn&#8221; uncode_shortcode_id=&#8221;551327&#8243; text_color_type=&#8221;uncode-palette&#8221;]<b>Architects\/ Architecture Offices and Firms<\/b><\/p>\n<p><span lang=\"en-GB\">A-01 (A Company \/ A Foundation) <\/span>\u2022 <span lang=\"en-GB\">ACPV Architects Antonio Citterio Patricia Viel <\/span>\u2022 <span lang=\"en-US\">AEDS \u2022 Aidlin Darling Design \u2022 <\/span><span lang=\"en-GB\">Akb Architects <\/span>\u2022 <span lang=\"en-US\">Architect 49 \u2022 <\/span><span lang=\"en-GB\">Architecture-Infrastructure-Research, Inc. <\/span>\u2022 <span lang=\"en-GB\">Around Architecture Studio <\/span>\u2022 <span lang=\"en-GB\">BE Architektur GmbH <\/span>\u2022 <span lang=\"en-GB\">BONBA studio <\/span>\u2022 <span lang=\"en-GB\">Bruno Dias Arquitectura <\/span>\u2022 <span lang=\"en-GB\">Chain10 Architecture &amp; Interior Design Institute<\/span> \u2022 <span lang=\"en-GB\">Concept-Consult Architectes <\/span>\u2022 <span lang=\"en-GB\">Daniel Joseph Chenin, Ltd. <\/span>\u2022 <span lang=\"en-GB\">Delson or Sherman Architects <\/span>\u2022 <span lang=\"en-US\">Direction Architects \u2022 <\/span><span lang=\"en-GB\">DNA Architecture+Design, Inc<\/span><span lang=\"en-US\">. \u2022 <\/span><span lang=\"en-GB\">Donald Lococo Architects, LLC. <\/span>\u2022 <span lang=\"en-US\">Dong Lin Interior Design Construction \u2022 <\/span><span lang=\"en-GB\">Dubbeldam Architecture + Design <\/span>\u2022 <span lang=\"en-US\">Elliott Architects \u2022 Fougeron Architecture \u2022 <\/span><span lang=\"en-GB\">Garret Cord Werner LLC.<\/span>\u2022 <span lang=\"en-GB\">GO arquitectos <\/span>\u2022 <span lang=\"en-GB\">G\u00f3mez Platero Architecture &amp; Urbanism <\/span>\u2022 <span lang=\"en-US\">Gronych+Dollega Architekten \u2022 <\/span><span lang=\"en-GB\">Henriquez Partners Architects <\/span>\u2022 <span lang=\"en-GB\">Ho Khue Architects <\/span>\u2022 <span lang=\"en-US\">Horton Harper Architects \u2022 Hutker Architects \u2022 <\/span><span lang=\"en-GB\">Kuczia Architects <\/span>\u2022 <span lang=\"en-GB\">Leers Weinzapfel Associates <\/span>\u2022 <span lang=\"en-GB\">Mack Scogin Merrill Elam Architects <\/span>\u2022 <span lang=\"en-US\">Measured Architecture \u2022 Messana O&#8217;Rorke \u2022 <\/span><span lang=\"en-GB\">michelangeli design SL. <\/span>\u2022 <span lang=\"en-US\">Moontower \u2022 <\/span><span lang=\"en-GB\">Moore Ruble Yudell Architects and Planners <\/span>\u2022 <span lang=\"en-GB\">MR STUDIO Co., Ltd.<\/span> \u2022 <span lang=\"en-GB\">Naturvillan International AB <\/span>\u2022 <span lang=\"en-US\">Nobuaki Miyashita \u2022 <\/span><span lang=\"en-GB\">O&#8217;Neill Rose Architects <\/span>\u2022 <span lang=\"en-US\">Paul Lukez Architecture \u2022 Perkins&amp;Will \u2022 PPAA\u2022 <\/span><span lang=\"en-GB\">Rand Elliott Architects<\/span> \u2022 <span lang=\"en-US\">REdesign.build \u2022 <\/span><span lang=\"en-GB\">Rhode Partners <\/span>\u2022 <span lang=\"en-GB\">Robert Maier Architekten <\/span>\u2022 <span lang=\"en-GB\">Sanjay Puri Architects Pvt. Ltd.n <\/span>\u2022 <span lang=\"en-GB\">Standard Architecture <\/span>\u2022 <span lang=\"en-GB\">Swatt + Partners <\/span>\u2022 <span lang=\"en-US\">Tryba Architects \u2022 <\/span><span lang=\"en-GB\">University of Arkansas Community Design Center <\/span>\u2022 <span lang=\"en-GB\">William Kaven Architecture<\/span><\/p>\n<p><span lang=\"en-GB\"><b>Contractors<\/b><\/span><\/p>\n<p><span lang=\"en-US\">Adam T. Incorporated \u2022 Berges Home Performance LLC. \u2022 Brasfield &amp; Gorrie, LLC. <\/span>\u2022 <span lang=\"en-US\">Brett Rhode \u2022 Build, Inc. \u2022 Carlos Angelillo\/Grinbrick srl. \u2022 Conack Construction Ltd. \u2022 Craig Foley \u2022 Dermot Barry \u2022 DNA Architecture + Design, Inc. \u2022 Eames Construction Inc. \u2022 EllisDon Corporation \u2022Eyco Building Group \u2022 Forte Specialty Contractors, LLC. \u2022 Garden Communities \u2022 Hewes &amp; Co. \u2022<\/span> <span lang=\"en-US\">HLD Muskoka \u2022 Hudson Meridian Construction Group \u2022 Hyder Construction Inc. \u2022 IBuildPdx \u2022 Inder Maloo \u2022 Jamba Construction Inc. \u2022 Kanin Construction Management Inc. \u2022 Kindred Construction\u2022 Lingo Construction Services, Inc. \u2022<\/span> <span lang=\"en-US\">Montoconfra-Constru\u00e7\u00f5es, Lda. \u2022 Moontower and Cross Cabin \u2022 MPD Engenharia and Helbor Imobili\u00e1ria \u2022 Nation Co., Ltd. \u2022 On Site Management, Inc. \u2022 PKC Construction \u2022 Prommegger Baumanagement GmbH \u2022 REdesign.build \u2022 Rinn XI GmbH \u2022 Robert Maier Architekten \u2022 Shay Gallo Construction Inc. \u2022 Tarun Construction Company \u2022 The Dalton Group \u2022 TomChris Contracting Co. \u2022 TUCA \u2022 Turner Construction Company \u2022 Turnkey Construction Company \u2022 Valle\/Reinis Builders, Inc. \u2022 Vanglo Sustainable Construction Group \u2022 Volprod SA \u2022 Warren Construction Group \u2022 Werner Construction Ltd. \u2022 Woodward Design + Build, LLC.<\/span> \u2022 <span lang=\"en-US\">Yoshida-giko Co., Ltd.<\/span>[\/vc_column_text][vc_custom_heading text_size=&#8221;fontsize-210105&#8243; text_height=&#8221;fontheight-357766&#8243; text_space=&#8221;fontspace-781688&#8243; sub_lead=&#8221;yes&#8221; sub_reduced=&#8221;yes&#8221; text_align=&#8221;text-left&#8221; text_serif=&#8221;yes&#8221; uncode_shortcode_id=&#8221;803443&#8243;]2023 Future House Award &#8211; Index[\/vc_custom_heading][vc_column_text text_lead=&#8221;yes&#8221; text_color=&#8221;color-xsdn&#8221; uncode_shortcode_id=&#8221;608316&#8243; text_color_type=&#8221;uncode-palette&#8221;]<span class=\"font-377884\"><strong>Architects\/ Architecture Offices and Firms<\/strong><\/span><\/p>\n<p>\u2022 Ankeny Architecture \u2022 AR Design Studio \u2022 Arquitectonica \u2022 Arshia Architects \u2022 BarlisWedlick Architects LLC \u2022 BE ARCHITEKTUR GMBH, Boris Egli dipl. Architekt FH REG A SIA \u2022 BLUR Workshop \u2022 Camanho Arquitetura \u2022 Carlos Zwick Architekten BDA \u2022 Chain10 Architecture &amp; Interior Design Institute \u2022 Concrete Amsterdam \u2022 De Zwarte Hond \u2022 Desai Chia Architecture \u2022 Donald Lococo Architects LLC \u2022 Echale International \u2022 Elkus Manfredi Architects \u2022 Estes Twombly + Titrington Architects, Inc. \u2022 Felixx Landscape Architects \u2022 Foster + Partners \u2022 Frari &#8211; architecture network \u2022 G\u00f3mez Platero Architecture &amp; Urbanism \u2022 Foster &amp; Partners \u2022 Gruppe GME Architekten BDA \u2022 Guiraud Manenc + Gault Architectes \u2022 gu\u00f2 b\u00e0n \u00e9r &#8211; \u8fc7\u534a\u513f \u2022 Henriquez Partners Architects \u2022 IAPA PTY. LTD. \u2022 JBAD \u2022 Jensen Architects \u2022 Jo Architecture &amp; Design Office \u2022 Jonathan Levi Architects \u2022 Kubota Architect Atelier \u2022 Lamda Development \u2022 Leckie Studio (Interiors) \u2022 Leckie Studio Architecture + Design \u2022 Leers Weinzapfel Associates \u2022 Living Vehicle \u2022 Mackey Mitchell Architects; Modus Studio \u2022 MASK architects \u2022 Measured Architecture \u2022 Mecanoo \u2022 Messana O&#8217;Rorke \u2022 Moss Guide Club \u2022 MT Arquitectos \u2022 NAC Arquitectos \u2022 Orange Architects \u2022 Orchestra ONE Studio \u2022 Paul Lukez Architecture \u2022 Private educational institution Lyceum of Tomsk State University \u2022 Revolution \u2022 SPACE \u2022 Swatt Miers Architects \u2022 TEKE ARCHITECTS OFFICE \u2022 tono Inc. \u2022 U15 Architectes \u2022 University of Arkansas Community Design Center \u2022 William Kaven Architecture<\/p>\n<p><span class=\"font-377884\"><strong>Contractors<\/strong><\/span><\/p>\n<p>\u2022 Axiom Builders \u2022 Ballast Nedam West \u2022 Berkshire Wilton \u2022 Bill Stratton Building Co. \u2022 Bouygues Batiment International \u2022 CH Newton Builders \u2022 Cordiero Custom Homes \u2022 Cranshaw Construction \u2022 De Nijs \u2022 Denis Matson General Building Contractor \u2022 Donecho Construction \u2022 FineCraft Contractors, Inc. \u2022 GME Design GmbH &amp; Co. KG \u2022 Grupo JV \u2022 Icon West Construction Corp \u2022 Jiangsu Hongsheng Construction Engineering Group Co., LTD \u2022 Kubota Architect Atelier \u2022 MARVIN GENERAL CONTRACTING LLC \u2022 Metcalf Design &amp; Construction \u2022 MEW DEVELOPMENTS \u2022 Moss &amp; Associates \u2022 Motchom create \u2022 Nabholz \u2022 P. Morrissey Contracting, Inc. \u2022 Powers Construction \u2022 Proyme \u2022 Taconic Builders \u2022 TBD \u2022 Tierney Development Services LLC \u2022 Two Oceans Builders \u2022 UC Group \u2022 Van Zanten Bouw \u2022 Western Craft Contracting[\/vc_column_text][vc_custom_heading text_size=&#8221;fontsize-210105&#8243; text_height=&#8221;fontheight-357766&#8243; text_space=&#8221;fontspace-781688&#8243; sub_lead=&#8221;yes&#8221; sub_reduced=&#8221;yes&#8221; text_align=&#8221;text-left&#8221; text_serif=&#8221;yes&#8221; uncode_shortcode_id=&#8221;201448&#8243;]2022 Future House Award &#8211; Index[\/vc_custom_heading][vc_column_text text_lead=&#8221;yes&#8221; text_color=&#8221;color-xsdn&#8221; uncode_shortcode_id=&#8221;162915&#8243; text_color_type=&#8221;uncode-palette&#8221;]<span class=\"font-377884\"><strong>Architects\/ Architecture Offices and Firms<br \/>\n<\/strong><\/span><br \/>\n\u2022 <span lang=\"en-GB\">Alex Terry of Terry &amp; Terry Architecture \u2022 archimania \u2022 Ashley Heeren and Jason Ballard of Lake | Flato Architects, Inc. \u2022 Carlos Arnaiz of CAZA \u2022 Chain10 Architecture &amp; Interior Design Institute \u2022 Daniel Markiewicz of FORMA Architects PLLC \u2022 Edoardo Gherardi and Marco Gennaro of Gherardi Architetti \u2022 Eisuke Yamazaki and Toshio Yoshikawa of SAKAE Architects &amp; Engineers \u2022 Frederick Phillips &amp; Associates \u2022 Gerd Bergmeister and Michaela Wolf of Bergmeisterwolf architekten \u2022 Paul Peng of IAPA Pty. Ltd. \u2022 Karim Rashid \u2022 Luscher Architectes and Rodolphe Luscher \u2022 Marc Thorpe of Marc Thorpe Design \u2022 Ruiz Pardo \u2013 Nebreda \u2022 Mary Beth Lineberry of Lake | Flato Architects, Inc. \u2022 Miroslava Brooks and Aaron Payne of FORMA Architects PLLC \u2022 Odile Decq and Studio Odile Decq \u2022 RN Ferrer &amp; Associates, Inc. \u2022 Takaaki Fuji and Yuko Fuji<\/span>[\/vc_column_text][\/vc_column_inner][\/vc_row_inner][\/vc_column][\/vc_row]<\/p>\n<\/div>","protected":false},"excerpt":{"rendered":"<p>[vc_row unlock_row_content=&#8221;yes&#8221; row_height_percent=&#8221;69&#8243; override_padding=&#8221;yes&#8221; h_padding=&#8221;7&#8243; top_padding=&#8221;7&#8243; bottom_padding=&#8221;4&#8243; back_color=&#8221;color-rgdb&#8221; overlay_alpha=&#8221;50&#8243; gutter_size=&#8221;0&#8243; column_width_percent=&#8221;100&#8243; shift_y=&#8221;0&#8243; z_index=&#8221;0&#8243; top_divider=&#8221;step_1_2&#8243; uncode_shortcode_id=&#8221;780118&#8243; back_color_type=&#8221;uncode-palette&#8221; css=&#8221;.vc_custom_1697799779694{padding-top: 20px !important;}&#8221;][vc_column column_width_percent=&#8221;100&#8243; [&hellip;]<\/p>\n","protected":false},"author":1,"featured_media":110532,"parent":0,"menu_order":0,"comment_status":"open","ping_status":"closed","template":"","meta":{"footnotes":""},"class_list":["post-118795","page","type-page","status-publish","has-post-thumbnail","hentry","page_category-portfolio","page_category-agency"],"_links":{"self":[{"href":"https:\/\/futurehouseaward.com\/index.php\/wp-json\/wp\/v2\/pages\/118795","targetHints":{"allow":["GET"]}}],"collection":[{"href":"https:\/\/futurehouseaward.com\/index.php\/wp-json\/wp\/v2\/pages"}],"about":[{"href":"https:\/\/futurehouseaward.com\/index.php\/wp-json\/wp\/v2\/types\/page"}],"author":[{"embeddable":true,"href":"https:\/\/futurehouseaward.com\/index.php\/wp-json\/wp\/v2\/users\/1"}],"replies":[{"embeddable":true,"href":"https:\/\/futurehouseaward.com\/index.php\/wp-json\/wp\/v2\/comments?post=118795"}],"version-history":[{"count":21,"href":"https:\/\/futurehouseaward.com\/index.php\/wp-json\/wp\/v2\/pages\/118795\/revisions"}],"predecessor-version":[{"id":121286,"href":"https:\/\/futurehouseaward.com\/index.php\/wp-json\/wp\/v2\/pages\/118795\/revisions\/121286"}],"wp:featuredmedia":[{"embeddable":true,"href":"https:\/\/futurehouseaward.com\/index.php\/wp-json\/wp\/v2\/media\/110532"}],"wp:attachment":[{"href":"https:\/\/futurehouseaward.com\/index.php\/wp-json\/wp\/v2\/media?parent=118795"}],"curies":[{"name":"wp","href":"https:\/\/api.w.org\/{rel}","templated":true}]}}